{"id":39,"date":"2022-11-03T14:46:05","date_gmt":"2022-11-03T14:46:05","guid":{"rendered":"https:\/\/glownyksiegowy.com\/?page_id=39"},"modified":"2022-11-03T14:46:05","modified_gmt":"2022-11-03T14:46:05","slug":"nagrody","status":"publish","type":"page","link":"https:\/\/glownyksiegowy.com\/index.php\/nagrody\/","title":{"rendered":"Nagrody"},"content":{"rendered":"\n<h2 class=\"has-text-align-center has-accent-color has-text-color wp-block-heading\"><a href=\"https:\/\/www.adnakademia.pl\/nagrody\/po-raz-kolejny-1-miejsce\/\">1 miejsce w rankingu<\/a><\/h2>\n\n\n\n<p>Po raz kolejny Akademia MDDP zaj\u0119\u0142a zaszczytne 1 miejsce w 2020 roku.<\/p>\n\n\n\n<h2 class=\"has-text-align-center has-accent-color has-text-color wp-block-heading\"><a href=\"https:\/\/www.adnakademia.pl\/nagrody\/lider-rynku-szkolen\/\">Lider rynku szkole\u0144<\/a><\/h2>\n\n\n\n<p class=\"has-text-align-left\">Mamy przyjemno\u015b\u0107 poinformowa\u0107, \u017ce&nbsp;kolejny rok z rz\u0119du zaj\u0119li\u015bmy<br>&nbsp;1. miejsce&nbsp;w kategorii \u201eTraining Companies\u201d. <\/p>\n\n\n\n<h2 class=\"has-text-align-center has-accent-color has-text-color wp-block-heading\"><a href=\"https:\/\/www.adnakademia.pl\/nagrody\/orly-ksztalcenia-dla-mddp-akademii-biznesu\/\">Or\u0142y Kszta\u0142cenia <\/a><\/h2>\n\n\n\n<p>Znale\u017ali\u015bmy si\u0119 w\u015br\u00f3d laureat\u00f3w zestawienia \u201eOr\u0142y Kszta\u0142cenia\u201d. Uzyskali\u015bmy ocen\u0119 9.0 wyprzedzaj\u0105c ponad 41 000  innych firm w Polsce. <\/p>\n\n\n\n<h2 class=\"has-text-align-center wp-block-heading\"><a href=\"https:\/\/www.adnakademia.pl\/nagrody\/najlepsi-z-najlepszych\/\">Najlepsi z najlepszych<\/a><\/h2>\n\n\n\n<p>Uhonorowano nas tytu\u0142em Firma Szkoleniowa Roku 2018<br>przyznawanym najlepszym z najlepszych.&nbsp;<\/p>\n\n\n\n<h2 class=\"has-text-align-center has-accent-color has-text-color wp-block-heading\"><a rel=\"noreferrer noopener\" href=\"https:\/\/www.adnakademia.pl\/nagrody\/siodmy-rok-z-rzedu-zajelismy-1-miejsce\/\" target=\"_blank\">Si\u00f3dmy rok z rz\u0119du  <\/a><\/h2>\n\n\n\n<p>1 miejsce w kategorii &#8222;Training Companies&#8221; za rok 2018<\/p>\n","protected":false},"excerpt":{"rendered":"<p>1 miejsce w rankingu Po raz kolejny Akademia MDDP zaj\u0119\u0142a zaszczytne 1 miejsce w 2020 roku. Lider rynku szkole\u0144 Mamy przyjemno\u015b\u0107 poinformowa\u0107, \u017ce&nbsp;kolejny rok z rz\u0119du zaj\u0119li\u015bmy&nbsp;1. miejsce&nbsp;w kategorii \u201eTraining Companies\u201d. Or\u0142y Kszta\u0142cenia Znale\u017ali\u015bmy si\u0119 w\u015br\u00f3d laureat\u00f3w zestawienia \u201eOr\u0142y Kszta\u0142cenia\u201d. Uzyskali\u015bmy ocen\u0119 9.0 wyprzedzaj\u0105c ponad 41 000 innych firm w Polsce. Najlepsi z najlepszych Uhonorowano [&hellip;]<\/p>\n","protected":false},"author":2,"featured_media":0,"parent":0,"menu_order":0,"comment_status":"closed","ping_status":"closed","template":"","meta":{"footnotes":""},"_links":{"self":[{"href":"https:\/\/glownyksiegowy.com\/index.php\/wp-json\/wp\/v2\/pages\/39"}],"collection":[{"href":"https:\/\/glownyksiegowy.com\/index.php\/wp-json\/wp\/v2\/pages"}],"about":[{"href":"https:\/\/glownyksiegowy.com\/index.php\/wp-json\/wp\/v2\/types\/page"}],"author":[{"embeddable":true,"href":"https:\/\/glownyksiegowy.com\/index.php\/wp-json\/wp\/v2\/users\/2"}],"replies":[{"embeddable":true,"href":"https:\/\/glownyksiegowy.com\/index.php\/wp-json\/wp\/v2\/comments?post=39"}],"version-history":[{"count":1,"href":"https:\/\/glownyksiegowy.com\/index.php\/wp-json\/wp\/v2\/pages\/39\/revisions"}],"predecessor-version":[{"id":40,"href":"https:\/\/glownyksiegowy.com\/index.php\/wp-json\/wp\/v2\/pages\/39\/revisions\/40"}],"wp:attachment":[{"href":"https:\/\/glownyksiegowy.com\/index.php\/wp-json\/wp\/v2\/media?parent=39"}],"curies":[{"name":"wp","href":"https:\/\/api.w.org\/{rel}","templated":true}]}}