{"id":7,"date":"2022-11-03T14:21:30","date_gmt":"2022-11-03T14:21:30","guid":{"rendered":"https:\/\/glownyksiegowy.com\/?page_id=7"},"modified":"2022-11-14T11:16:55","modified_gmt":"2022-11-14T11:16:55","slug":"nowe-muzeum-sztuki-nowoczesnej-otwarlo-swoje-powoje","status":"publish","type":"page","link":"https:\/\/glownyksiegowy.com\/","title":{"rendered":"Akademia g\u0142\u00f3wnego ksi\u0119gowego"},"content":{"rendered":"\n<p>G\u0142\u00f3wny Ksi\u0119gowy jest jedn\u0105 z najwa\u017cniejszych os\u00f3b firmie, poniewa\u017c odpowiada za prezentowanie w sprawozdaniach &#8211; zgodnie z przyj\u0119tymi zasadami rachunkowo\u015bci &#8211; wszystkich przeprowadzonych operacji finansowych. Obecnie od os\u00f3b b\u0119d\u0105cych na tym stanowisku wymaga si\u0119 zar\u00f3wno bardzo dobrej znajomo\u015bci prawa podatkowego, jak i coraz cz\u0119\u015bciej wiedzy z zakresu mi\u0119dzynarodowych standard\u00f3w rachunkowo\u015bci oraz zasad rachunkowo\u015bci zarz\u0105dczej.<\/p>\n\n\n\n<p><br>G\u0142\u00f3wny Ksi\u0119gowy pe\u0142ni te\u017c nadz\u00f3r nad przestrzeganiem prawa podatkowego. To osoba odpowiedzialna za prowadzenie rachunkowo\u015bci w przedsi\u0119biorstwie. Zazwyczaj G\u0142\u00f3wny Ksi\u0119gowy jest zwierzchnikiem pozosta\u0142ych ksi\u0119gowych w przedsi\u0119biorstwie, a w szczeg\u00f3lno\u015bci ksi\u0119gowych prowadz\u0105cych rachunkowo\u015b\u0107 finansow\u0105 (statutow\u0105).<\/p>\n\n\n\n<h3 class=\"has-text-align-center has-accent-color has-text-color has-larger-font-size wp-block-heading\">Cel i dla kogo<\/h3>\n\n\n\n<div class=\"wp-block-media-text alignwide is-stacked-on-mobile\"><figure class=\"wp-block-media-text__media\"><img loading=\"lazy\" decoding=\"async\" width=\"1024\" height=\"683\" src=\"https:\/\/glownyksiegowy.com\/wp-content\/uploads\/2022\/11\/pexels-photo-5466793-1024x683.jpeg\" alt=\"\" class=\"wp-image-44 size-full\" srcset=\"https:\/\/glownyksiegowy.com\/wp-content\/uploads\/2022\/11\/pexels-photo-5466793-1024x683.jpeg 1024w, https:\/\/glownyksiegowy.com\/wp-content\/uploads\/2022\/11\/pexels-photo-5466793-300x200.jpeg 300w, https:\/\/glownyksiegowy.com\/wp-content\/uploads\/2022\/11\/pexels-photo-5466793-768x512.jpeg 768w, https:\/\/glownyksiegowy.com\/wp-content\/uploads\/2022\/11\/pexels-photo-5466793-1536x1024.jpeg 1536w, https:\/\/glownyksiegowy.com\/wp-content\/uploads\/2022\/11\/pexels-photo-5466793-2048x1365.jpeg 2048w, https:\/\/glownyksiegowy.com\/wp-content\/uploads\/2022\/11\/pexels-photo-5466793-1200x800.jpeg 1200w, https:\/\/glownyksiegowy.com\/wp-content\/uploads\/2022\/11\/pexels-photo-5466793-1980x1320.jpeg 1980w\" sizes=\"(max-width: 1024px) 100vw, 1024px\" \/><\/figure><div class=\"wp-block-media-text__content\">\n<p>Celem kursu jest przybli\u017cenie osobom aplikuj\u0105cym na stanowisko g\u0142\u00f3wnego ksi\u0119gowego niezb\u0119dnych informacji z dziedziny rachunkowo\u015bci, ubezpiecze\u0144 spo\u0142ecznych oraz prawa podatkowego, tak aby po jego uko\u0144czeniu&nbsp;mog\u0142y one w spos\u00f3b pewny i rzetelny wykonywa\u0107 powierzon\u0105 im prac\u0119.<\/p>\n\n\n\n<p>S\u0142uchaczami tego kursu mog\u0105 by\u0107 osoby, kt\u00f3re znaj\u0105 podstawowe zagadnienia rachunkowo\u015bci finansowej oraz przynajmniej w podstawowym zakresie zasady systemu podatkowego, natomiast chc\u0105 swoj\u0105 wiedz\u0119 poszerzy\u0107, uporz\u0105dkowa\u0107, uzupe\u0142ni\u0107 i zaktualizowa\u0107.<\/p>\n\n\n\n<p>Kurs przeprowadzamy w formule online i stacjonarnej. <\/p>\n<\/div><\/div>\n\n\n\n<div class=\"wp-block-buttons alignwide is-layout-flex wp-block-buttons-is-layout-flex\">\n<div class=\"wp-block-button has-custom-width wp-block-button__width-100\"><a class=\"wp-block-button__link has-background\" href=\"https:\/\/www.adnakademia.pl\/szkolenia\/akademia-glowny-ksiegowy-108-h-certyfikowany-kurs-rachunkowosci-dla-kandydatow-na-glownych-ksiegowych-kurs-weekendowy\/\" style=\"border-radius:100px;background-color:#202b52\" target=\"_blank\" rel=\"noreferrer noopener\">zapoznaj si\u0119 z naszym kursem <\/a><\/div>\n<\/div>\n\n\n\n<h3 class=\"has-text-align-center has-accent-color has-text-color has-larger-font-size wp-block-heading\"><strong>Zakres obowi\u0105zk\u00f3w<\/strong><\/h3>\n\n\n\n<div class=\"wp-block-media-text alignwide has-media-on-the-right is-stacked-on-mobile\"><figure class=\"wp-block-media-text__media\"><img decoding=\"async\" src=\"https:\/\/akademiarachunkowosci.pl\/wp-content\/uploads\/2022\/06\/pexels-anna-tarazevich-5196820-1024x683.jpg\" alt=\"\" class=\"wp-image-94 size-full\"\/><\/figure><div class=\"wp-block-media-text__content\">\n<ul><li>sporz\u0105dzanie sprawozda\u0144 finansowych wedle okre\u015blonych standard\u00f3w<\/li><li>przygotowywanie niestandardowych raport\u00f3w na potrzeby zarz\u0105du oraz bank\u00f3w<\/li><li>nadz\u00f3r nad prawid\u0142owym obiegiem dokument\u00f3w ksi\u0119gowych<\/li><li>opracowywanie planu kont wedle standard\u00f3w sprawozdawczych, wymog\u00f3w controllingu oraz prawa podatkowego<\/li><li>kontakty i wsp\u00f3\u0142praca z instytucjami zewn\u0119trznymi (US, ZUS, GUS, NBP)<\/li><li>nadz\u00f3r nad prawid\u0142owo\u015bci\u0105 rozlicze\u0144 podatkowych<\/li><li>nadz\u00f3r merytoryczny i organizacyjny nad dzia\u0142em ksi\u0119gowo\u015bci<\/li><\/ul>\n<\/div><\/div>\n\n\n\n<div class=\"wp-block-buttons alignwide is-layout-flex wp-block-buttons-is-layout-flex\">\n<div class=\"wp-block-button has-custom-width wp-block-button__width-100 is-style-fill\"><a class=\"wp-block-button__link\" href=\"https:\/\/glownyksiegowy.com\/index.php\/adn-akademia\/\" style=\"border-radius:100px\">Zobacz dlaczego adn akademia<\/a><\/div>\n<\/div>\n\n\n\n<div class=\"wp-block-group is-layout-flow wp-block-group-is-layout-flow\"><div class=\"wp-block-group__inner-container\">\n<hr class=\"wp-block-separator has-css-opacity\"\/>\n\n\n\n<h5 class=\"has-text-align-center has-accent-color has-text-color wp-block-heading\">Opinie klient\u00f3w<\/h5>\n\n\n\n<p><em>\u201e\u015awietne przygotowanie merytoryczne. Profesjonalny kurs. Ocena bardzo dobra.\u201d<\/em><\/p>\n\n\n\n<p><em>\u201eEkspresja, jasno\u015b\u0107 przekazywania przydatnych informacji, przyjazna atmosfera.\u201d<\/em><\/p>\n\n\n\n<p><em>\u201eBardzo dobry kurs, materia\u0142y poparte przyk\u0142adami z \u017cycia.\u201d<\/em><\/p>\n\n\n\n<hr class=\"wp-block-separator has-css-opacity\"\/>\n<\/div><\/div>\n\n\n\n<div class=\"wp-block-media-text alignwide is-stacked-on-mobile\" style=\"grid-template-columns:33% auto\"><figure class=\"wp-block-media-text__media\"><img loading=\"lazy\" decoding=\"async\" width=\"531\" height=\"769\" src=\"https:\/\/glownyksiegowy.com\/wp-content\/uploads\/2022\/11\/certyfikat.jpg\" alt=\"\" class=\"wp-image-71 size-full\" srcset=\"https:\/\/glownyksiegowy.com\/wp-content\/uploads\/2022\/11\/certyfikat.jpg 531w, https:\/\/glownyksiegowy.com\/wp-content\/uploads\/2022\/11\/certyfikat-207x300.jpg 207w\" sizes=\"(max-width: 531px) 100vw, 531px\" \/><\/figure><div class=\"wp-block-media-text__content\">\n<p class=\"has-accent-color has-text-color\"><strong>Certyfikacja zawodu<\/strong><\/p>\n\n\n\n<p>Istnieje mo\u017cliwo\u015b\u0107 przyst\u0105pienia do nieobowi\u0105zkowego egzaminu potwierdzaj\u0105cego zdobycie kompetencji w zawodzie g\u0142\u00f3wnego ksi\u0119gowego (kod zawodu 121101). Koszt egzaminu 150 z\u0142 za osob\u0119.<\/p>\n<\/div><\/div>\n\n\n\n<div class=\"wp-block-buttons alignwide is-layout-flex wp-block-buttons-is-layout-flex\"><\/div>\n\n\n\n<h3 class=\"has-text-align-center has-accent-color has-text-color wp-block-heading\">W jakich miastach szkolimy<\/h3>\n\n\n\n<div class=\"wp-block-columns is-layout-flex wp-container-core-columns-layout-1 wp-block-columns-is-layout-flex\">\n<div class=\"wp-block-column is-layout-flow wp-block-column-is-layout-flow\">\n<h5 class=\"has-text-align-center has-text-color has-normal-font-size wp-block-heading\" style=\"color:#202b52\">Gda\u0144sk<\/h5>\n\n\n<div class=\"wp-block-image\">\n<figure class=\"aligncenter size-full\"><img decoding=\"async\" src=\"https:\/\/akademiarachunkowosci.pl\/wp-content\/uploads\/2022\/06\/gdansk_motlawa_1170.jpg\" alt=\"\" class=\"wp-image-120\"\/><\/figure><\/div>\n\n\n<h5 class=\"has-text-align-center has-text-color has-normal-font-size wp-block-heading\" style=\"color:#202b52\">\u0141\u00f3d\u017a<\/h5>\n\n\n\n<figure class=\"wp-block-image size-full\"><img decoding=\"async\" src=\"https:\/\/akademiarachunkowosci.pl\/wp-content\/uploads\/2022\/06\/lodz-1.jpg\" alt=\"\" class=\"wp-image-123\"\/><\/figure>\n\n\n\n<h5 class=\"has-text-align-center has-text-color has-normal-font-size wp-block-heading\" style=\"color:#202b52\">Szczecin<\/h5>\n\n\n<div class=\"wp-block-image\">\n<figure class=\"aligncenter size-full\"><img decoding=\"async\" src=\"https:\/\/akademiarachunkowosci.pl\/wp-content\/uploads\/2022\/06\/szczecin.jpg\" alt=\"\" class=\"wp-image-127\"\/><\/figure><\/div><\/div>\n\n\n\n<div class=\"wp-block-column is-layout-flow wp-block-column-is-layout-flow\">\n<h5 class=\"has-text-align-center has-text-color has-normal-font-size wp-block-heading\" style=\"color:#202b52\">Katowice<\/h5>\n\n\n<div class=\"wp-block-image\">\n<figure class=\"aligncenter size-full\"><img decoding=\"async\" src=\"https:\/\/akademiarachunkowosci.pl\/wp-content\/uploads\/2022\/06\/katowice.jpg\" alt=\"\" class=\"wp-image-121\"\/><\/figure><\/div>\n\n\n<h5 class=\"has-text-align-center has-text-color has-normal-font-size wp-block-heading\" style=\"color:#202b52\">Olsztyn<\/h5>\n\n\n\n<figure class=\"wp-block-image size-full\"><img decoding=\"async\" src=\"https:\/\/akademiarachunkowosci.pl\/wp-content\/uploads\/2022\/06\/Olsztyn-na-weekend.-Co-warto-zobaczyc-i-kiedy-jechac-Przewodnik_article-1.jpg\" alt=\"\" class=\"wp-image-124\"\/><\/figure>\n\n\n\n<h5 class=\"has-text-align-center has-text-color has-normal-font-size wp-block-heading\" style=\"color:#202b52\">Warszawa<\/h5>\n\n\n<div class=\"wp-block-image\">\n<figure class=\"aligncenter size-full\"><img decoding=\"async\" src=\"https:\/\/akademiarachunkowosci.pl\/wp-content\/uploads\/2022\/06\/warszawa.jpg\" alt=\"\" class=\"wp-image-128\"\/><\/figure><\/div><\/div>\n\n\n\n<div class=\"wp-block-column is-layout-flow wp-block-column-is-layout-flow\">\n<h5 class=\"has-text-align-center has-text-color has-normal-font-size wp-block-heading\" style=\"color:#202b52\">Krak\u00f3w<\/h5>\n\n\n<div class=\"wp-block-image\">\n<figure class=\"aligncenter size-full\"><img decoding=\"async\" src=\"https:\/\/akademiarachunkowosci.pl\/wp-content\/uploads\/2022\/06\/krakow.jpg\" alt=\"\" class=\"wp-image-122\"\/><\/figure><\/div>\n\n\n<h5 class=\"has-text-align-center has-text-color has-normal-font-size wp-block-heading\" style=\"color:#202b52\">Pozna\u0144<\/h5>\n\n\n<div class=\"wp-block-image\">\n<figure class=\"aligncenter size-full\"><img decoding=\"async\" src=\"https:\/\/akademiarachunkowosci.pl\/wp-content\/uploads\/2022\/06\/poznan.jpg\" alt=\"\" class=\"wp-image-126\"\/><\/figure><\/div>\n\n\n<h5 class=\"has-text-align-center has-text-color has-normal-font-size wp-block-heading\" style=\"color:#202b52\">Wroc\u0142aw<\/h5>\n\n\n<div class=\"wp-block-image\">\n<figure class=\"aligncenter size-full\"><img decoding=\"async\" src=\"https:\/\/akademiarachunkowosci.pl\/wp-content\/uploads\/2022\/06\/wroclaw.jpg\" alt=\"\" class=\"wp-image-129\"\/><\/figure><\/div><\/div>\n<\/div>\n\n\n\n<div class=\"wp-block-buttons alignwide is-layout-flex wp-block-buttons-is-layout-flex\">\n<div class=\"wp-block-button has-custom-width wp-block-button__width-100\"><a class=\"wp-block-button__link has-background\" href=\"http:\/\/kursy-ksiegowosci.com.pl\/kursy\/\" style=\"border-radius:32px;background-color:#202b52\">dowiedz si\u0119 wi\u0119cej o innych kursach<\/a><\/div>\n<\/div>\n","protected":false},"excerpt":{"rendered":"<p>G\u0142\u00f3wny Ksi\u0119gowy jest jedn\u0105 z najwa\u017cniejszych os\u00f3b firmie, poniewa\u017c odpowiada za prezentowanie w sprawozdaniach &#8211; zgodnie z przyj\u0119tymi zasadami rachunkowo\u015bci &#8211; wszystkich przeprowadzonych operacji finansowych. Obecnie od os\u00f3b b\u0119d\u0105cych na tym stanowisku wymaga si\u0119 zar\u00f3wno bardzo dobrej znajomo\u015bci prawa podatkowego, jak i coraz cz\u0119\u015bciej wiedzy z zakresu mi\u0119dzynarodowych standard\u00f3w rachunkowo\u015bci oraz zasad rachunkowo\u015bci zarz\u0105dczej. G\u0142\u00f3wny [&hellip;]<\/p>\n","protected":false},"author":2,"featured_media":0,"parent":0,"menu_order":0,"comment_status":"closed","ping_status":"closed","template":"","meta":{"footnotes":""},"_links":{"self":[{"href":"https:\/\/glownyksiegowy.com\/index.php\/wp-json\/wp\/v2\/pages\/7"}],"collection":[{"href":"https:\/\/glownyksiegowy.com\/index.php\/wp-json\/wp\/v2\/pages"}],"about":[{"href":"https:\/\/glownyksiegowy.com\/index.php\/wp-json\/wp\/v2\/types\/page"}],"author":[{"embeddable":true,"href":"https:\/\/glownyksiegowy.com\/index.php\/wp-json\/wp\/v2\/users\/2"}],"replies":[{"embeddable":true,"href":"https:\/\/glownyksiegowy.com\/index.php\/wp-json\/wp\/v2\/comments?post=7"}],"version-history":[{"count":10,"href":"https:\/\/glownyksiegowy.com\/index.php\/wp-json\/wp\/v2\/pages\/7\/revisions"}],"predecessor-version":[{"id":72,"href":"https:\/\/glownyksiegowy.com\/index.php\/wp-json\/wp\/v2\/pages\/7\/revisions\/72"}],"wp:attachment":[{"href":"https:\/\/glownyksiegowy.com\/index.php\/wp-json\/wp\/v2\/media?parent=7"}],"curies":[{"name":"wp","href":"https:\/\/api.w.org\/{rel}","templated":true}]}}