{"id":9,"date":"2022-11-03T14:21:30","date_gmt":"2022-11-03T14:21:30","guid":{"rendered":"https:\/\/glownyksiegowy.com\/?page_id=9"},"modified":"2022-11-03T14:26:51","modified_gmt":"2022-11-03T14:26:51","slug":"kontakt","status":"publish","type":"page","link":"https:\/\/glownyksiegowy.com\/index.php\/kontakt\/","title":{"rendered":"Kontakt"},"content":{"rendered":"\n<p class=\"has-text-align-center\">Je\u015bli chcesz dowiedzie\u0107 si\u0119 wi\u0119cej skontaktuj si\u0119 z nami<\/p>\n\n\n\n<div class=\"wp-block-media-text alignwide is-stacked-on-mobile\" style=\"grid-template-columns:48% auto\"><figure class=\"wp-block-media-text__media\"><img decoding=\"async\" src=\"https:\/\/szkolenia-wyjazdowe.com.pl\/wp-content\/uploads\/2022\/04\/ADN_BROWARY_00371_1200px-1024x680.jpg\" alt=\"\" class=\"wp-image-50 size-full\"\/><\/figure><div class=\"wp-block-media-text__content\">\n<h4 class=\"wp-block-heading\"><strong>ADN Akademia Sp. z o.o. Sp. k.<\/strong><\/h4>\n\n\n\n<p>Browary Warszawskie,<br>Biura \u201ePrzy Warzelni\u201d<br>ul. Grzybowska 56<br>00-844 Warszawa<br>NIP: 7010545845<br>KRS: 0000600432<br>REGON: 363686140<\/p>\n<\/div><\/div>\n\n\n\n<h5 class=\"has-text-align-center wp-block-heading\">Sprawd\u017a r\u00f3wnie\u017c inne nasze szkolenia<\/h5>\n\n\n\n<div class=\"wp-block-buttons is-layout-flex wp-block-buttons-is-layout-flex\">\n<div class=\"wp-block-button has-custom-width wp-block-button__width-100\"><a class=\"wp-block-button__link\" href=\"https:\/\/www.szkolenia-biznesowe.biz\/\" target=\"_blank\" rel=\"noreferrer noopener\">SZKOLENIA BIZNESOWE<\/a><\/div>\n\n\n\n<div class=\"wp-block-button has-custom-width wp-block-button__width-100\"><a class=\"wp-block-button__link\" href=\"https:\/\/www.it-akademia.com.pl\/\" target=\"_blank\" rel=\"noreferrer noopener\">SZKOLENIA KOMPTUEROWE<\/a><\/div>\n\n\n\n<div class=\"wp-block-button has-custom-width wp-block-button__width-100\"><a class=\"wp-block-button__link\" href=\"http:\/\/kursy-ksiegowosci.com.pl\/\" target=\"_blank\" rel=\"noreferrer noopener\">KURSY KSI\u0118GOWO\u015aCI<\/a><\/div>\n\n\n\n<div class=\"wp-block-button has-custom-width wp-block-button__width-100\"><a class=\"wp-block-button__link\" href=\"https:\/\/www.adnakademia.pl\/kategoria\/podatki-vat-cit\/\" target=\"_blank\" rel=\"noreferrer noopener\">Szkolenia POdatki VAT i CIT<\/a><\/div>\n\n\n\n<div class=\"wp-block-button has-custom-width wp-block-button__width-100\"><a class=\"wp-block-button__link\" href=\"https:\/\/www.adnakademia.pl\/kategoria\/rachunkowosc\/\" target=\"_blank\" rel=\"noreferrer noopener\">SZKOLENIA RACHUNKOWO\u015a\u0106<\/a><\/div>\n<\/div>\n\n\n\n<p><\/p>\n","protected":false},"excerpt":{"rendered":"<p>Je\u015bli chcesz dowiedzie\u0107 si\u0119 wi\u0119cej skontaktuj si\u0119 z nami ADN Akademia Sp. z o.o. Sp. k. Browary Warszawskie,Biura \u201ePrzy Warzelni\u201dul. Grzybowska 5600-844 WarszawaNIP: 7010545845KRS: 0000600432REGON: 363686140 Sprawd\u017a r\u00f3wnie\u017c inne nasze szkolenia<\/p>\n","protected":false},"author":2,"featured_media":0,"parent":0,"menu_order":0,"comment_status":"closed","ping_status":"closed","template":"","meta":{"footnotes":""},"_links":{"self":[{"href":"https:\/\/glownyksiegowy.com\/index.php\/wp-json\/wp\/v2\/pages\/9"}],"collection":[{"href":"https:\/\/glownyksiegowy.com\/index.php\/wp-json\/wp\/v2\/pages"}],"about":[{"href":"https:\/\/glownyksiegowy.com\/index.php\/wp-json\/wp\/v2\/types\/page"}],"author":[{"embeddable":true,"href":"https:\/\/glownyksiegowy.com\/index.php\/wp-json\/wp\/v2\/users\/2"}],"replies":[{"embeddable":true,"href":"https:\/\/glownyksiegowy.com\/index.php\/wp-json\/wp\/v2\/comments?post=9"}],"version-history":[{"count":2,"href":"https:\/\/glownyksiegowy.com\/index.php\/wp-json\/wp\/v2\/pages\/9\/revisions"}],"predecessor-version":[{"id":32,"href":"https:\/\/glownyksiegowy.com\/index.php\/wp-json\/wp\/v2\/pages\/9\/revisions\/32"}],"wp:attachment":[{"href":"https:\/\/glownyksiegowy.com\/index.php\/wp-json\/wp\/v2\/media?parent=9"}],"curies":[{"name":"wp","href":"https:\/\/api.w.org\/{rel}","templated":true}]}}